{"id":2943,"date":"2025-10-19T07:22:14","date_gmt":"2025-10-19T06:22:14","guid":{"rendered":"https:\/\/realmiptv.com\/?page_id=2943"},"modified":"2025-10-19T07:22:27","modified_gmt":"2025-10-19T06:22:27","slug":"termes-et-conditions","status":"publish","type":"page","link":"https:\/\/realmiptv.com\/fr\/termes-et-conditions\/","title":{"rendered":"Termes et conditions"},"content":{"rendered":"<h3 class=\"wp-block-heading\">1. Acceptation des conditions<\/h3>\n\n\n\n<p>Bienvenue sur <strong>RealmIPTV<\/strong> (\u201c nous \u201d, \u201c notre \u201d ou \u201c nos \u201d). En acc\u00e9dant \u00e0 notre site web et \u00e0 nos services ou en les utilisant, vous acceptez de vous conformer aux pr\u00e9sentes Conditions g\u00e9n\u00e9rales et d&#039;y \u00eatre li\u00e9. Si vous n&#039;acceptez pas ces conditions, veuillez cesser imm\u00e9diatement d&#039;utiliser nos services.<\/p>\n\n\n\n<h3 class=\"wp-block-heading\">2. Utilisation des services<\/h3>\n\n\n\n<p>RealmIPTV donne acc\u00e8s \u00e0 des services d&#039;abonnement IPTV (t\u00e9l\u00e9vision par protocole Internet) qui permettent aux utilisateurs de regarder des contenus t\u00e9l\u00e9vis\u00e9s et vid\u00e9o en ligne.<br>Vous devez avoir au moins <strong>18 ans<\/strong> (ou l&#039;\u00e2ge de la majorit\u00e9 dans votre juridiction) pour utiliser nos services.<br>Vous acceptez d&#039;utiliser notre plateforme <strong>uniquement \u00e0 des fins licites<\/strong>, et de ne pas se livrer \u00e0 des activit\u00e9s qui enfreignent les lois, portent atteinte aux droits de propri\u00e9t\u00e9 intellectuelle ou interf\u00e8rent avec le fonctionnement de notre service.<\/p>\n\n\n\n<h3 class=\"wp-block-heading\">3. Propri\u00e9t\u00e9 intellectuelle<\/h3>\n\n\n\n<p>Tout le contenu sur le <strong>RealmIPTV<\/strong> Le site web \u2014 y compris les textes, graphismes, images, vid\u00e9os, logos et designs \u2014 est la propri\u00e9t\u00e9 de RealmIPTV ou fait l&#039;objet d&#039;une licence accord\u00e9e \u00e0 cette derni\u00e8re et est prot\u00e9g\u00e9 par les lois applicables en mati\u00e8re de droit d&#039;auteur et de propri\u00e9t\u00e9 intellectuelle.<br>Vous n&#039;\u00eates pas autoris\u00e9 \u00e0 reproduire, distribuer, modifier ou cr\u00e9er des \u0153uvres d\u00e9riv\u00e9es \u00e0 partir de tout document sans notre autorisation \u00e9crite pr\u00e9alable.<br>Tout contenu ou marque d\u00e9pos\u00e9e de tiers accessible via notre service reste la propri\u00e9t\u00e9 de ses d\u00e9tenteurs respectifs.<\/p>\n\n\n\n<h3 class=\"wp-block-heading\">4. Confidentialit\u00e9<\/h3>\n\n\n\n<p>Votre utilisation de nos services est \u00e9galement r\u00e9gie par nos conditions g\u00e9n\u00e9rales. <strong>politique de confidentialit\u00e9<\/strong>, Cette politique explique comment nous recueillons, utilisons et prot\u00e9geons vos renseignements personnels. En utilisant RealmIPTV, vous consentez aux pratiques relatives aux donn\u00e9es d\u00e9crites dans cette politique.<\/p>\n\n\n\n<h3 class=\"wp-block-heading\">5. Paiement et facturation<\/h3>\n\n\n\n<p>Lors de votre abonnement aux services RealmIPTV\u00a0:<\/p>\n\n\n\n<ul class=\"wp-block-list\">\n<li>Vous acceptez de fournir des informations de facturation exactes et \u00e0 jour.<\/li>\n\n\n\n<li>Les tarifs d&#039;abonnement sont affich\u00e9s sur notre site web et peuvent \u00eatre modifi\u00e9s de temps \u00e0 autre.<\/li>\n\n\n\n<li>Le non-paiement des paiements peut entra\u00eener la suspension ou la r\u00e9siliation de votre compte.<\/li>\n<\/ul>\n\n\n\n<h3 class=\"wp-block-heading\">6. Limitation de responsabilit\u00e9<\/h3>\n\n\n\n<p>Bien que RealmIPTV s&#039;efforce de fournir une exp\u00e9rience de streaming stable et de haute qualit\u00e9, nous <strong>ne peut garantir un service ininterrompu ou sans erreur<\/strong>.<br>RealmIPTV ne pourra \u00eatre tenu responsable d&#039;aucun dommage direct, indirect, accessoire ou cons\u00e9cutif r\u00e9sultant de l&#039;utilisation ou de l&#039;impossibilit\u00e9 d&#039;utiliser nos services.<br>Les performances de la diffusion en continu d\u00e9pendent de facteurs tels que votre connexion Internet, la compatibilit\u00e9 de votre appareil et les syst\u00e8mes tiers ind\u00e9pendants de notre volont\u00e9.<\/p>\n\n\n\n<h3 class=\"wp-block-heading\">7. Indemnisation<\/h3>\n\n\n\n<p>Vous acceptez d&#039;indemniser et de d\u00e9gager de toute responsabilit\u00e9 <strong>RealmIPTV<\/strong>, ses soci\u00e9t\u00e9s affili\u00e9es, ses employ\u00e9s et ses partenaires, indemnis\u00e9s de toute r\u00e9clamation, dommage, perte ou d\u00e9pense (y compris les frais juridiques) r\u00e9sultant de\u00a0:<\/p>\n\n\n\n<ul class=\"wp-block-list\">\n<li>Votre utilisation abusive de nos services.<\/li>\n\n\n\n<li>Violation des pr\u00e9sentes conditions g\u00e9n\u00e9rales.<\/li>\n\n\n\n<li>Toute atteinte aux droits de tiers.<\/li>\n<\/ul>\n\n\n\n<h3 class=\"wp-block-heading\">8. Modifications des conditions<\/h3>\n\n\n\n<p>RealmIPTV se r\u00e9serve le droit de modifier ou de mettre \u00e0 jour les pr\u00e9sentes Conditions g\u00e9n\u00e9rales \u00e0 tout moment. Toute mise \u00e0 jour sera publi\u00e9e sur notre site web. En continuant d&#039;utiliser nos services apr\u00e8s la publication des modifications, vous acceptez les conditions r\u00e9vis\u00e9es.<\/p>\n\n\n\n<h3 class=\"wp-block-heading\">9. R\u00e9siliation<\/h3>\n\n\n\n<p>Nous pouvons suspendre ou r\u00e9silier votre compte, sans pr\u00e9avis, si vous enfreignez les pr\u00e9sentes conditions g\u00e9n\u00e9rales ou si vous vous livrez \u00e0 des activit\u00e9s susceptibles de nuire \u00e0 notre plateforme, \u00e0 nos utilisateurs ou \u00e0 notre r\u00e9putation.<\/p>\n\n\n\n<h3 class=\"wp-block-heading\">10. Droit applicable<\/h3>\n\n\n\n<p>Les pr\u00e9sentes conditions g\u00e9n\u00e9rales sont r\u00e9gies par les lois de <strong>Royaume-Uni<\/strong>. Tout litige d\u00e9coulant des pr\u00e9sentes conditions sera exclusivement soumis aux tribunaux de <strong>Londres, Royaume-Uni<\/strong>.<\/p>\n\n\n\n<h3 class=\"wp-block-heading\">11. Contactez-nous<\/h3>\n\n\n\n<p>Si vous avez des questions ou des inqui\u00e9tudes concernant ces conditions g\u00e9n\u00e9rales, veuillez nous contacter\u00a0:<\/p>\n\n\n\n<p>\ud83d\udce7 <strong><a href=\"mailto:support@realmiptv.com\">support@realmiptv.com<\/a><\/strong><br>\ud83c\udf10 <strong><a href=\"https:\/\/realmiptv.com\/fr\/\">www.realmiptv.com<\/a><\/strong><\/p>","protected":false},"excerpt":{"rendered":"<p>1. Acceptance of Terms Welcome to RealmIPTV (\u201cwe,\u201d \u201cour,\u201d or \u201cus\u201d). By accessing or using our website and services, you agree to comply with and be bound by these Terms and Conditions. If you do not agree, please discontinue use of our services immediately. 2. Use of Services RealmIPTV provides access to IPTV (Internet Protocol <\/p>","protected":false},"author":1,"featured_media":0,"parent":0,"menu_order":0,"comment_status":"closed","ping_status":"closed","template":"","meta":{"_acf_changed":false,"footnotes":""},"class_list":["post-2943","page","type-page","status-publish","hentry"],"acf":[],"_links":{"self":[{"href":"https:\/\/realmiptv.com\/fr\/wp-json\/wp\/v2\/pages\/2943","targetHints":{"allow":["GET"]}}],"collection":[{"href":"https:\/\/realmiptv.com\/fr\/wp-json\/wp\/v2\/pages"}],"about":[{"href":"https:\/\/realmiptv.com\/fr\/wp-json\/wp\/v2\/types\/page"}],"author":[{"embeddable":true,"href":"https:\/\/realmiptv.com\/fr\/wp-json\/wp\/v2\/users\/1"}],"replies":[{"embeddable":true,"href":"https:\/\/realmiptv.com\/fr\/wp-json\/wp\/v2\/comments?post=2943"}],"version-history":[{"count":2,"href":"https:\/\/realmiptv.com\/fr\/wp-json\/wp\/v2\/pages\/2943\/revisions"}],"predecessor-version":[{"id":2945,"href":"https:\/\/realmiptv.com\/fr\/wp-json\/wp\/v2\/pages\/2943\/revisions\/2945"}],"wp:attachment":[{"href":"https:\/\/realmiptv.com\/fr\/wp-json\/wp\/v2\/media?parent=2943"}],"curies":[{"name":"wp","href":"https:\/\/api.w.org\/{rel}","templated":true}]}}